{"id":35685,"date":"2019-09-01T00:00:01","date_gmt":"2019-09-01T00:00:01","guid":{"rendered":"https:\/\/mafaldameloarquitectos.com\/en\/?page_id=35685"},"modified":"2021-10-20T16:15:48","modified_gmt":"2021-10-20T16:15:48","slug":"protecao-de-dados","status":"publish","type":"page","link":"https:\/\/mafaldameloarquitectos.com\/en\/protecao-de-dados\/","title":{"rendered":"Prote\u00e7\u00e3o de Dados"},"content":{"rendered":"<p>[et_pb_section fb_built=&#8221;1&#8243; module_id=&#8221;PP&#8221; _builder_version=&#8221;3.22&#8243; custom_margin=&#8221;0px||0px|&#8221; custom_padding=&#8221;0px|0px|0px|0px&#8221; global_colors_info=&#8221;{}&#8221;][et_pb_row custom_padding_last_edited=&#8221;on|desktop&#8221; _builder_version=&#8221;3.25&#8243; background_size=&#8221;initial&#8221; background_position=&#8221;top_left&#8221; background_repeat=&#8221;repeat&#8221; custom_margin=&#8221;0px||0px||true&#8221; custom_padding=&#8221;100px||100px||true&#8221; custom_padding_tablet=&#8221;80px||80px|&#8221; custom_padding_phone=&#8221;60px||60px|&#8221; global_colors_info=&#8221;{}&#8221;][et_pb_column type=&#8221;4_4&#8243; _builder_version=&#8221;3.25&#8243; custom_padding=&#8221;|||&#8221; global_colors_info=&#8221;{}&#8221; custom_padding__hover=&#8221;|||&#8221;][et_pb_text _builder_version=&#8221;4.10.8&#8243; text_font=&#8221;||||||||&#8221; text_font_size=&#8221;15px&#8221; text_line_height=&#8221;1.3em&#8221; header_font=&#8221;||||||||&#8221; text_orientation=&#8221;justified&#8221; custom_margin=&#8221;0px||0px|&#8221; custom_padding=&#8221;0px||0px|&#8221; hover_enabled=&#8221;0&#8243; global_colors_info=&#8221;{}&#8221; sticky_enabled=&#8221;0&#8243;]<\/p>\n<h1>Pol\u00edtica de Privacidade<\/h1>\n<p><\/p>\n<p><strong>RGPD &#8211; POL\u00cdTICA DE PRIVACIDADE<\/strong><\/p>\n<p>A sua privacidade \u00e9 importante para n\u00f3s.<br \/>Respeitamos a sua privacidade e estamos empenhados em proteg\u00ea-la.<br \/>Sabemos das preocupa\u00e7\u00f5es que possa ter sobre a confidencialidade das informa\u00e7\u00f5es e dados pessoais que nos transmite.<br \/>O presente documento apresenta a pol\u00edtica de privacidade do nosso site.<br \/>A presente pol\u00edtica permitir-lhe obter informa\u00e7\u00f5es adicionais sobre a natureza e uso que fazemos dos dados pessoais que nos fornece e sobre os seus direitos.<\/p>\n<p>Ao submeter os seus dados est\u00e1 a aceitar a nossa pol\u00edtica de privacidade.<\/p>\n<p>No cumprimento da Lei n.\u00ba 67\/98, de 26 de Outubro, sobre a Prote\u00e7\u00e3o de Dados Pessoais, informamos que o tratamento dos dados pessoais recolhidos no site s\u00e3o da nossa responsabilidade.<\/p>\n<p><\/p>\n<p><strong>1. Identidade e contactos do respons\u00e1vel pelo tratamento dos dados.<\/strong><br \/>Os dados captados neste site s\u00e3o tratados por n\u00f3s.<br \/>As informa\u00e7\u00f5es recolhidas no nosso site, s\u00e3o administradas e controladas exclusivamente por n\u00f3s.<br \/>Oferecemos garantias suficientes relativamente \u00e0 prote\u00e7\u00e3o das suas informa\u00e7\u00f5es pessoais sendo as mesmas administradas em conformidade com a legisla\u00e7\u00e3o atual relativa \u00e0 prote\u00e7\u00e3o das informa\u00e7\u00f5es pessoais, assim como esta pol\u00edtica de privacidade.<\/p>\n<p><strong>2.Fundamento de legitimidade do tratamento de dados<\/strong><br \/>Atrav\u00e9s deste site poderemos recolher dados pessoais, transmitidos atrav\u00e9s do formul\u00e1rio de contacto com o seu consentimento.<\/p>\n<p><strong>3. Finalidades<\/strong><br \/>Os seus dados s\u00e3o recolhidos com a finalidade de:<br \/>&#8211; Responder \u00e0s suas quest\u00f5es atrav\u00e9s do formul\u00e1rio de contato;<br \/>&#8211; Enviar-lhe informa\u00e7\u00f5es sobre as nossas ofertas de produtos e servi\u00e7os, novidades e eventos (newsletters).<\/p>\n<p><strong>4. Per\u00edodo de conserva\u00e7\u00e3o dos seus dados<\/strong><br \/>Os dados recolhidos e tratados atrav\u00e9s do formul\u00e1rio de contacto ser\u00e3o mantidos somente durante o processamento do seu pedido, ap\u00f3s esta fase os seus dados ser\u00e3o destru\u00eddos.<\/p>\n<p><strong>5. Destinat\u00e1rios dos dados<\/strong><br \/>As informa\u00e7\u00f5es pessoais disponibilizadas servem para a nossa empresa poder entrar em contacto consigo e prestar todas as informa\u00e7\u00f5es por si pedidas atrav\u00e9s do nosso formul\u00e1rio de contacto.<br \/>Os seus dados pessoais nunca ser\u00e3o divulgados a terceiros, exceto em caso especiais, como:<br \/>&#8211; Satisfazer exig\u00eancias impostas pela lei ou pelas autoridades governamentais ou judiciais competentes.<\/p>\n<p><strong>6. Seguran\u00e7a e confidencialidade dos dados<\/strong><br \/>Empenhamo-nos na implementa\u00e7\u00e3o de todas as precau\u00e7\u00f5es necess\u00e1rias para preservar a confidencialidade e seguran\u00e7a dos seus dados pessoais.<\/p>\n<p><strong>7. Os seus direitos e como poder\u00e1 aceder, retificar ou opor-se ao tratamento dos seus dados pessoais.<\/strong><br \/>Nos termos da lei de prote\u00e7\u00e3o de dados pessoais, \u00e9 garantido ao titular dos dados, o direito de acesso, atualiza\u00e7\u00e3o, retifica\u00e7\u00e3o ou elimina\u00e7\u00e3o dos seus dados pessoais, o que poder\u00e1 ter lugar atrav\u00e9s dos v\u00e1rios contactos que disponibilizamos.<br \/>Para qualquer quest\u00e3o sobre a recolha e tratamento dos seus dados, pode contactar-nos por email ou atrav\u00e9s do nosso contacto telef\u00f3nico.<\/p>\n<p><strong>8. Utiliza\u00e7\u00e3o de dados<\/strong><br \/>As informa\u00e7\u00f5es pessoais disponibilizadas servem para a nossa empresa poder entrar em contacto consigo e prestar todas as informa\u00e7\u00f5es por si pedidas atrav\u00e9s do nosso formul\u00e1rio de contacto.<br \/>Comprometemo-nos a n\u00e3o transferir ou vender os seus dados pessoais a terceiros.<br \/>Apenas se formos obrigados por lei ou por decis\u00e3o judicial divulgamos os seus dados pessoais.<\/p>\n<p><strong>9. Como usamos os \u201ccookies\u201d<\/strong><br \/>Os \u201cCookies\u201d s\u00e3o armazenados no seu computador atrav\u00e9s do navegador (browser), retendo apenas informa\u00e7\u00e3o relacionada com as suas prefer\u00eancias, n\u00e3o incluindo, como tal, os seus dados pessoais.<br \/>No texto abaixo pode encontrar mais informa\u00e7\u00e3o acerca dos v\u00e1rios cookies que usamos e do prop\u00f3sito de cada um:<br \/>&#8211; Cookies estritamente necess\u00e1rios: Permitem que navegue no website e utilize as suas aplica\u00e7\u00f5es. Sem estes cookies, os servi\u00e7os que tenha requerido n\u00e3o podem ser prestados.<br \/>&#8211; Cookies anal\u00edticos: S\u00e3o utilizados anonimamente para efeitos de cria\u00e7\u00e3o e an\u00e1lise de estat\u00edsticas, no sentido de melhorar o funcionamento do website.<br \/>&#8211; Cookies de funcionalidade: Guardam as prefer\u00eancias do utilizador relativamente \u00e0 utiliza\u00e7\u00e3o do site, de forma que n\u00e3o seja necess\u00e1rio voltar a configurar o site cada vez que o visita.<\/p>\n<p><strong>10. contactos<\/strong><br \/>Se precisar de mais informa\u00e7\u00f5es contacte-nos atrav\u00e9s do seguinte email: <a href=\"mailto:info@mafaldameloarquitectos.com\">info@mafaldameloarquitectos.com<\/a>.<\/p>\n<p>[\/et_pb_text][\/et_pb_column][\/et_pb_row][\/et_pb_section][et_pb_section fb_built=&#8221;1&#8243; module_id=&#8221;PC&#8221; _builder_version=&#8221;4.10.8&#8243; custom_margin=&#8221;0px||0px|&#8221; custom_padding=&#8221;0px|0px|0px|0px&#8221; hover_enabled=&#8221;0&#8243; border_color_bottom=&#8221;rgba(0,0,0,0.1)&#8221; global_colors_info=&#8221;{}&#8221; sticky_enabled=&#8221;0&#8243; background_color=&#8221;#f8f8f8&#8243;][et_pb_row custom_padding_last_edited=&#8221;on|desktop&#8221; _builder_version=&#8221;3.25&#8243; background_size=&#8221;initial&#8221; background_position=&#8221;top_left&#8221; background_repeat=&#8221;repeat&#8221; custom_margin=&#8221;0px||0px|&#8221; custom_padding=&#8221;100px||100px|&#8221; custom_padding_tablet=&#8221;80px||80px|&#8221; custom_padding_phone=&#8221;60px||60px|&#8221; global_colors_info=&#8221;{}&#8221;][et_pb_column type=&#8221;4_4&#8243; _builder_version=&#8221;3.25&#8243; custom_padding=&#8221;|||&#8221; global_colors_info=&#8221;{}&#8221; custom_padding__hover=&#8221;|||&#8221;][et_pb_text _builder_version=&#8221;3.27.4&#8243; text_font=&#8221;||||||||&#8221; text_font_size=&#8221;15px&#8221; text_line_height=&#8221;1.3em&#8221; header_font=&#8221;||||||||&#8221; text_orientation=&#8221;justified&#8221; custom_margin=&#8221;0px||0px|&#8221; custom_padding=&#8221;0px||0px|&#8221; global_colors_info=&#8221;{}&#8221;]<\/p>\n<h1>Pol\u00edtica de Cookies<\/h1>\n<p>&nbsp;<\/p>\n<p><strong>USO DE COOKIES<\/strong><br \/>Este site utiliza cookies para lhe permitir ter a melhor experi\u00eancia como utilizador.<br \/>Se continuar a navegar est\u00e1 a dar o seu consentimento para a aceita\u00e7\u00e3o dos referidos cookies bem como da nossa Pol\u00edtica de Cookies.<\/p>\n<p><strong>O QUE S\u00c3O COOKIES?<\/strong><br \/>Os cookies s\u00e3o pequenos ficheiros de texto gravados no seu equipamento quando acede aos sites.<br \/>Estes permitem o armazenamento de um conjunto de informa\u00e7\u00f5es relacionadas com o utilizador, em que umas s\u00e3o usadas para reconhecer o utilizador em futuras visitas ao nosso site, e outras s\u00e3o usadas para garantir as funcionalidades disponibilizadas e melhorar o desempenho e a experi\u00eancia do utilizador no site.<br \/>O tipo de informa\u00e7\u00e3o que pode ser analisada utilizando cookies \u00e9 a seguinte: nome de utilizador, endere\u00e7o de correio eletr\u00f3nico e palavra-passe, o endere\u00e7o de protocolo de internet (IP) que \u00e9 utilizado para ligar \u00e0 internet, o tipo e a vers\u00e3o de navegador, o sistema operativo e a plataforma utilizada para a liga\u00e7\u00e3o, os endere\u00e7os web (URLs) desde os quais ou atrav\u00e9s dos quais tenha acedido e deixado os nossos servi\u00e7os online, e a data e a hora da referida atividade, entre outros.<br \/>Os cookies dos sites podem ser, a qualquer momento, desactivados ou geridos. Para saber como o fazer aceda \u00e0 \u00e1rea de \u201cAjuda\u201d do seu Browser.<br \/>Aten\u00e7\u00e3o: \u00e9 importante perceber que algumas \u00e1reas do site poder\u00e3o n\u00e3o funcionar correctamente ap\u00f3s a desactiva\u00e7\u00e3o dos cookies.<\/p>\n<p><strong>FINALIDADE DOS COOKIES?<\/strong><br \/>A utiliza\u00e7\u00e3o de cookies optimiza a navega\u00e7\u00e3o do utilizador, permitindo que os dados armazenados melhorem a sua experi\u00eancia no site, aumentando tamb\u00e9m a efici\u00eancia de resposta do endere\u00e7o web.<br \/>Assim, permitem eliminar algumas a\u00e7\u00f5es repetitivas no site, bem como auxiliar na apresenta\u00e7\u00e3o de informa\u00e7\u00e3o, para ir, o mais poss\u00edvel de encontro aos seus interesses.<\/p>\n<p><strong>TIPOS DE COOKIES UTILIZADOS<\/strong><br \/>Os cookies s\u00e3o segmentados de acordo com a sua finalidade e data de validade.<br \/>Os cookies essenciais s\u00e3o elementos fundamentais de acesso a determinadas \u00e1reas do site, tais como o acesso a \u00e1reas seguras do site atrav\u00e9s de login e Password. Desactivando os cookies os mesmos servi\u00e7os poder\u00e3o n\u00e3o ser consultados.<br \/>Os cookies de funcionalidade memorizam as prefer\u00eancias de navega\u00e7\u00e3o do utilizador.<br \/>Os cookies anal\u00edticos permitem a memoriza\u00e7\u00e3o da forma como determinado site \u00e9 navegado, com a finalidade de apresenta\u00e7\u00e3o de produtos ou servi\u00e7os que v\u00e3o de encontro ao utilizador, atrav\u00e9s da monitoriza\u00e7\u00e3o do site. S\u00e3o exemplos os que guardam as p\u00e1ginas mais visitadas, o tempo em cada p\u00e1gina, produtos ou servi\u00e7os pesquisados, etc. Estes cookies armazenam informa\u00e7\u00f5es de teor estat\u00edstico.<\/p>\n<p><strong>EXPRESS\u00c3O DE CONSENTIMENTO DE USO DE COOKIES<\/strong><br \/>O utilizador ao aceder ao nosso site d\u00e1 o seu consentimento para o uso de cookies atrav\u00e9s de um bot\u00e3o OK no banner que aparece quando o utilizador visita pela primeira vez o nosso site.<\/p>\n<p>[\/et_pb_text][et_pb_button button_url=&#8221;https:\/\/mafaldameloarquitectos.com\/en\/&#8221; button_text=&#8221;Homepage&#8221; _builder_version=&#8221;3.19.12&#8243; custom_margin=&#8221;30px||0px||false&#8221; global_colors_info=&#8221;{}&#8221;][\/et_pb_button][\/et_pb_column][\/et_pb_row][\/et_pb_section][et_pb_section fb_built=&#8221;1&#8243; _builder_version=&#8221;4.10.8&#8243; _module_preset=&#8221;default&#8221; custom_margin=&#8221;0px||0px||true|false&#8221; custom_padding=&#8221;0px||0px||true|false&#8221; global_module=&#8221;54498&#8243; saved_tabs=&#8221;all&#8221; locked=&#8221;off&#8221; global_colors_info=&#8221;{}&#8221;][et_pb_row column_structure=&#8221;1_4,1_4,1_4,1_4&#8243; use_custom_gutter=&#8221;on&#8221; make_equal=&#8221;on&#8221; custom_padding_last_edited=&#8221;on|phone&#8221; _builder_version=&#8221;4.10.8&#8243; _module_preset=&#8221;default&#8221; width=&#8221;95%&#8221; width_tablet=&#8221;80%&#8221; width_phone=&#8221;&#8221; width_last_edited=&#8221;on|tablet&#8221; max_width=&#8221;1900px&#8221; custom_margin=&#8221;0px||0px||true|false&#8221; custom_padding=&#8221;40px||80px||false|false&#8221; custom_padding_tablet=&#8221;&#8221; custom_padding_phone=&#8221;0px||0px||false|false&#8221; global_colors_info=&#8221;{}&#8221;][et_pb_column type=&#8221;1_4&#8243; module_class=&#8221;RodapeRow_01&#8243; _builder_version=&#8221;4.8.2&#8243; _module_preset=&#8221;default&#8221; global_colors_info=&#8221;{}&#8221;][et_pb_text disabled_on=&#8221;on|off|off&#8221; module_class=&#8221;LinkFooterBranco&#8221; _builder_version=&#8221;4.10.8&#8243; _module_preset=&#8221;default&#8221; text_font=&#8221;|||on|||||&#8221; text_text_color=&#8221;#000000&#8243; text_font_size=&#8221;14px&#8221; text_letter_spacing=&#8221;1px&#8221; text_line_height=&#8221;1.3em&#8221; custom_margin=&#8221;0px||0px||true|false&#8221; custom_padding=&#8221;0px||0px||true|false&#8221; text_orientation_tablet=&#8221;center&#8221; text_orientation_phone=&#8221;&#8221; text_orientation_last_edited=&#8221;on|desktop&#8221; global_colors_info=&#8221;{}&#8221;]<\/p>\n<p style=\"font-size: 13px; padding-bottom: 0px; font-weight:400\">\u00a9  MAFALDA MELO ARQUITECTOS<\/p>\n<p>[\/et_pb_text][et_pb_text disabled_on=&#8221;on|off|off&#8221; module_class=&#8221;LinkFooterBranco&#8221; _builder_version=&#8221;4.10.8&#8243; _module_preset=&#8221;default&#8221; text_font_size=&#8221;14px&#8221; text_letter_spacing=&#8221;1px&#8221; text_line_height=&#8221;1.3em&#8221; custom_margin=&#8221;0px||0px||true|false&#8221; custom_padding=&#8221;13px||0px||false|false&#8221; text_orientation_tablet=&#8221;center&#8221; text_orientation_phone=&#8221;&#8221; text_orientation_last_edited=&#8221;on|desktop&#8221; global_colors_info=&#8221;{}&#8221;]<\/p>\n<p style=\"padding-bottom: 5px;\"><a href=\"https:\/\/criativo.net\/\" target=\"_blank\" rel=\"noopener\">cria\u00e7\u00e3o de sites<\/a> : <a href=\"https:\/\/criativo.net\/\" target=\"_blank\" rel=\"noopener\">criativo.net<\/a><\/p>\n<p><a href=\"https:\/\/mafaldameloarquitectos.com\/en\/protecao-de-dados\/#PP\">Privacy <\/a> \u00a0\u00a0 <a href=\"https:\/\/mafaldameloarquitectos.com\/en\/protecao-de-dados\/#PC\">Cookies<\/a><\/p>\n<p>[\/et_pb_text][\/et_pb_column][et_pb_column type=&#8221;1_4&#8243; module_class=&#8221;RodapeRow_02&#8243; _builder_version=&#8221;4.8.2&#8243; _module_preset=&#8221;default&#8221; global_colors_info=&#8221;{}&#8221;][et_pb_text module_class=&#8221;LinkFooterBranco&#8221; _builder_version=&#8221;4.10.8&#8243; _module_preset=&#8221;default&#8221; text_text_color=&#8221;#000000&#8243; text_font_size=&#8221;17px&#8221; text_letter_spacing=&#8221;1px&#8221; text_line_height=&#8221;1.6em&#8221; custom_margin=&#8221;0px||0px|-50px|false|false&#8221; custom_margin_tablet=&#8221;|||0px|false|false&#8221; custom_margin_phone=&#8221;|||0px|false|false&#8221; custom_margin_last_edited=&#8221;on|tablet&#8221; custom_padding=&#8221;0px||0px||true|false&#8221; text_font_size_tablet=&#8221;17px&#8221; text_font_size_phone=&#8221;14px&#8221; text_font_size_last_edited=&#8221;on|phone&#8221; text_orientation_tablet=&#8221;center&#8221; text_orientation_phone=&#8221;&#8221; text_orientation_last_edited=&#8221;on|desktop&#8221; locked=&#8221;off&#8221; global_colors_info=&#8221;{}&#8221;]<\/p>\n<p style=\"font-size: 13px; padding-bottom: 0px; font-weight:400\">TALK TO US <\/p>\n<p><a href=\"tel:+351 925 700 958\"><b>T. +351 925 700 958<\/b><\/a><\/p>\n<p>[\/et_pb_text][\/et_pb_column][et_pb_column type=&#8221;1_4&#8243; module_class=&#8221;RodapeRow_03&#8243; _builder_version=&#8221;4.8.2&#8243; _module_preset=&#8221;default&#8221; global_colors_info=&#8221;{}&#8221;][et_pb_text module_class=&#8221;LinkFooterBranco&#8221; _builder_version=&#8221;4.10.8&#8243; _module_preset=&#8221;default&#8221; text_text_color=&#8221;#000000&#8243; text_font_size=&#8221;17px&#8221; text_letter_spacing=&#8221;1px&#8221; text_line_height=&#8221;1.6em&#8221; custom_margin=&#8221;0px||0px|-60px|true|false&#8221; custom_margin_tablet=&#8221;|||0px|true|false&#8221; custom_margin_phone=&#8221;-10px|||0px|false|false&#8221; custom_margin_last_edited=&#8221;on|tablet&#8221; custom_padding=&#8221;0px||0px||true|false&#8221; text_font_size_tablet=&#8221;17px&#8221; text_font_size_phone=&#8221;14px&#8221; text_font_size_last_edited=&#8221;on|phone&#8221; text_orientation_tablet=&#8221;center&#8221; text_orientation_phone=&#8221;&#8221; text_orientation_last_edited=&#8221;on|desktop&#8221; locked=&#8221;off&#8221; global_colors_info=&#8221;{}&#8221;]<\/p>\n<p style=\"font-size: 13px; padding-bottom: 0px; font-weight:400\">EMAIL<\/p>\n<p><a href=\"mailto:info@mafaldameloarquitectos.com\"><b>info@mafaldameloarquitectos.com<\/b><\/a><\/p>\n<p>[\/et_pb_text][\/et_pb_column][et_pb_column type=&#8221;1_4&#8243; module_class=&#8221;RodapeRow_04&#8243; _builder_version=&#8221;4.8.2&#8243; _module_preset=&#8221;default&#8221; global_colors_info=&#8221;{}&#8221;][et_pb_social_media_follow use_icon_font_size=&#8221;on&#8221; icon_font_size=&#8221;13px&#8221; _builder_version=&#8221;4.8.2&#8243; text_orientation=&#8221;right&#8221; custom_margin=&#8221;0px||0px||true|false&#8221; custom_padding=&#8221;0px||0px||true|false&#8221; text_orientation_tablet=&#8221;center&#8221; text_orientation_phone=&#8221;center&#8221; text_orientation_last_edited=&#8221;on|desktop&#8221; border_radii=&#8221;on|50px|50px|50px|50px&#8221; border_width_all=&#8221;1px&#8221; border_color_all=&#8221;#2b2a29&#8243; locked=&#8221;off&#8221; global_colors_info=&#8221;{}&#8221;][et_pb_social_media_follow_network social_network=&#8221;facebook&#8221; icon_color=&#8221;#2b2a29&#8243; _builder_version=&#8221;4.8.1&#8243; background_color=&#8221;RGBA(0,0,0,0)&#8221; background_enable_color=&#8221;on&#8221; custom_margin=&#8221;0px||0px||true|false&#8221; custom_padding=&#8221;0px||0px||true|false&#8221; global_colors_info=&#8221;{}&#8221; background__hover_enabled=&#8221;on|hover&#8221; background_color__hover=&#8221;#2b2a29&#8243; background_enable_color__hover=&#8221;on&#8221; icon_color__hover_enabled=&#8221;on|desktop&#8221; icon_color__hover=&#8221;#ffffff&#8221; follow_button=&#8221;off&#8221; url_new_window=&#8221;on&#8221;]facebook[\/et_pb_social_media_follow_network][et_pb_social_media_follow_network social_network=&#8221;instagram&#8221; icon_color=&#8221;#2b2a29&#8243; _builder_version=&#8221;4.8.1&#8243; background_color=&#8221;RGBA(0,0,0,0)&#8221; background_enable_color=&#8221;on&#8221; custom_margin=&#8221;0px||0px||true|false&#8221; custom_padding=&#8221;0px||0px||true|false&#8221; global_colors_info=&#8221;{}&#8221; background__hover_enabled=&#8221;on|hover&#8221; background_color__hover=&#8221;#2b2a29&#8243; background_enable_color__hover=&#8221;on&#8221; icon_color__hover_enabled=&#8221;on|desktop&#8221; icon_color__hover=&#8221;#ffffff&#8221; follow_button=&#8221;off&#8221; url_new_window=&#8221;on&#8221;]instagram[\/et_pb_social_media_follow_network][\/et_pb_social_media_follow][\/et_pb_column][\/et_pb_row][et_pb_row use_custom_gutter=&#8221;on&#8221; make_equal=&#8221;on&#8221; disabled_on=&#8221;off|on|on&#8221; _builder_version=&#8221;4.10.8&#8243; _module_preset=&#8221;default&#8221; width=&#8221;95%&#8221; width_tablet=&#8221;80%&#8221; width_phone=&#8221;&#8221; width_last_edited=&#8221;on|tablet&#8221; max_width=&#8221;1900px&#8221; custom_margin=&#8221;0px||0px||true|false&#8221; custom_padding=&#8221;40px||80px||false|false&#8221; global_colors_info=&#8221;{}&#8221;][et_pb_column type=&#8221;4_4&#8243; module_class=&#8221;RodapeRow_01&#8243; _builder_version=&#8221;4.8.2&#8243; _module_preset=&#8221;default&#8221; global_colors_info=&#8221;{}&#8221;][et_pb_text disabled_on=&#8221;off|off|off&#8221; module_class=&#8221;LinkFooterBranco&#8221; _builder_version=&#8221;4.10.8&#8243; _module_preset=&#8221;default&#8221; text_font=&#8221;|||on|||||&#8221; text_text_color=&#8221;#000000&#8243; text_font_size=&#8221;14px&#8221; text_letter_spacing=&#8221;1px&#8221; text_line_height=&#8221;1.3em&#8221; custom_margin=&#8221;0px||0px||true|false&#8221; custom_padding=&#8221;0px||0px||true|false&#8221; text_orientation_tablet=&#8221;center&#8221; text_orientation_phone=&#8221;&#8221; text_orientation_last_edited=&#8221;on|desktop&#8221; global_colors_info=&#8221;{}&#8221;]<\/p>\n<p style=\"font-size: 13px; padding-bottom: 0px; font-weight:400\">\u00a9  MAFALDA MELO ARQUITECTOS<\/p>\n<p>[\/et_pb_text][et_pb_text module_class=&#8221;LinkFooterBranco&#8221; _builder_version=&#8221;4.10.8&#8243; _module_preset=&#8221;default&#8221; text_font_size=&#8221;14px&#8221; text_letter_spacing=&#8221;1px&#8221; text_line_height=&#8221;1.3em&#8221; custom_margin=&#8221;0px||0px||true|false&#8221; custom_padding=&#8221;13px||0px||false|false&#8221; text_font_size_tablet=&#8221;&#8221; text_font_size_phone=&#8221;12px&#8221; text_font_size_last_edited=&#8221;on|phone&#8221; text_orientation_tablet=&#8221;center&#8221; text_orientation_phone=&#8221;&#8221; text_orientation_last_edited=&#8221;on|desktop&#8221; global_colors_info=&#8221;{}&#8221;]<\/p>\n<p style=\"padding-bottom: 5px;\"><a href=\"https:\/\/criativo.net\/\" target=\"_blank\" rel=\"noopener\">cria\u00e7\u00e3o de sites<\/a> : <a href=\"https:\/\/criativo.net\/\" target=\"_blank\" rel=\"noopener\">criativo.net<\/a><\/p>\n<p><a href=\"https:\/\/mafaldameloarquitectos.com\/en\/protecao-de-dados\/#PP\">Privacy <\/a> \u00a0\u00a0 <a href=\"https:\/\/mafaldameloarquitectos.com\/en\/protecao-de-dados\/#PC\">Cookies<\/a><\/p>\n<p>[\/et_pb_text][\/et_pb_column][\/et_pb_row][\/et_pb_section]<\/p>\n","protected":false},"excerpt":{"rendered":"<p>Pol\u00edtica de Privacidade RGPD &#8211; POL\u00cdTICA DE PRIVACIDADE A sua privacidade \u00e9 importante para n\u00f3s.Respeitamos a sua privacidade e estamos empenhados em proteg\u00ea-la.Sabemos das preocupa\u00e7\u00f5es que possa ter sobre a confidencialidade das informa\u00e7\u00f5es e dados pessoais que nos transmite.O presente documento apresenta a pol\u00edtica de privacidade do nosso site.A presente pol\u00edtica permitir-lhe obter informa\u00e7\u00f5es adicionais [&hellip;]<\/p>\n","protected":false},"author":3,"featured_media":0,"parent":0,"menu_order":0,"comment_status":"closed","ping_status":"closed","template":"","meta":{"_et_pb_use_builder":"on","_et_pb_old_content":"","_et_gb_content_width":""},"_links":{"self":[{"href":"https:\/\/mafaldameloarquitectos.com\/en\/wp-json\/wp\/v2\/pages\/35685"}],"collection":[{"href":"https:\/\/mafaldameloarquitectos.com\/en\/wp-json\/wp\/v2\/pages"}],"about":[{"href":"https:\/\/mafaldameloarquitectos.com\/en\/wp-json\/wp\/v2\/types\/page"}],"author":[{"embeddable":true,"href":"https:\/\/mafaldameloarquitectos.com\/en\/wp-json\/wp\/v2\/users\/3"}],"replies":[{"embeddable":true,"href":"https:\/\/mafaldameloarquitectos.com\/en\/wp-json\/wp\/v2\/comments?post=35685"}],"version-history":[{"count":34,"href":"https:\/\/mafaldameloarquitectos.com\/en\/wp-json\/wp\/v2\/pages\/35685\/revisions"}],"predecessor-version":[{"id":56420,"href":"https:\/\/mafaldameloarquitectos.com\/en\/wp-json\/wp\/v2\/pages\/35685\/revisions\/56420"}],"wp:attachment":[{"href":"https:\/\/mafaldameloarquitectos.com\/en\/wp-json\/wp\/v2\/media?parent=35685"}],"curies":[{"name":"wp","href":"https:\/\/api.w.org\/{rel}","templated":true}]}}